{"id":55,"date":"2022-12-05T14:58:39","date_gmt":"2022-12-05T13:58:39","guid":{"rendered":"https:\/\/vecchizironi.dotnext.it\/chi-siamo\/storia\/"},"modified":"2023-02-28T15:37:04","modified_gmt":"2023-02-28T14:37:04","slug":"ueber-uns","status":"publish","type":"page","link":"https:\/\/vecchizironi.it\/de\/ueber-uns\/","title":{"rendered":"\u00dcber uns"},"content":{"rendered":"\t\t<div data-elementor-type=\"wp-page\" data-elementor-id=\"55\" class=\"elementor elementor-55 elementor-25\">\n\t\t\t\t\t\t\t<div class=\"elementor-element elementor-element-ea34817 e-con-boxed e-con\" data-id=\"ea34817\" data-element_type=\"container\" data-settings=\"{&quot;background_background&quot;:&quot;classic&quot;,&quot;content_width&quot;:&quot;boxed&quot;}\">\n\t\t\t\t\t<div class=\"e-con-inner\">\n\t\t\t\t\t<\/div>\n\t\t\t\t<\/div>\n\t\t<div class=\"elementor-element elementor-element-df5e55e e-con-boxed e-con\" data-id=\"df5e55e\" data-element_type=\"container\" data-settings=\"{&quot;content_width&quot;:&quot;boxed&quot;}\">\n\t\t\t\t\t<div class=\"e-con-inner\">\n\t\t\t\t<div class=\"elementor-element elementor-element-e5e0b00 elementor-widget elementor-widget-shortcode\" data-id=\"e5e0b00\" data-element_type=\"widget\" data-widget_type=\"shortcode.default\">\n\t\t\t\t<div class=\"elementor-widget-container\">\n\t\t\t<!-- Breadcrumb NavXT 7.2.0 -->\n<span property=\"itemListElement\" typeof=\"ListItem\"><a property=\"item\" typeof=\"WebPage\" title=\"Gehe zu Vecchi Zironi.\" href=\"https:\/\/vecchizironi.it\/de\/\" class=\"home\" aria-current=\"page\"><span property=\"name\">Vecchi Zironi<\/span><\/a><meta property=\"position\" content=\"1\"><\/span>\t\t<div class=\"elementor-shortcode\"><\/div>\n\t\t\t\t<\/div>\n\t\t\t\t<\/div>\n\t\t\t\t\t<\/div>\n\t\t\t\t<\/div>\n\t\t<div class=\"elementor-element elementor-element-1c84fc5 e-con-boxed e-con\" data-id=\"1c84fc5\" data-element_type=\"container\" data-settings=\"{&quot;content_width&quot;:&quot;boxed&quot;}\">\n\t\t\t\t\t<div class=\"e-con-inner\">\n\t\t<div class=\"elementor-element elementor-element-76e3a83 e-con-full e-con\" data-id=\"76e3a83\" data-element_type=\"container\" data-settings=\"{&quot;content_width&quot;:&quot;full&quot;}\">\n\t\t\t\t<div class=\"elementor-element elementor-element-382d28b elementor-widget elementor-widget-heading\" data-id=\"382d28b\" data-element_type=\"widget\" data-widget_type=\"heading.default\">\n\t\t\t\t<div class=\"elementor-widget-container\">\n\t\t\t<style>\/*! elementor - v3.12.1 - 02-04-2023 *\/\n.elementor-heading-title{padding:0;margin:0;line-height:1}.elementor-widget-heading .elementor-heading-title[class*=elementor-size-]>a{color:inherit;font-size:inherit;line-height:inherit}.elementor-widget-heading .elementor-heading-title.elementor-size-small{font-size:15px}.elementor-widget-heading .elementor-heading-title.elementor-size-medium{font-size:19px}.elementor-widget-heading .elementor-heading-title.elementor-size-large{font-size:29px}.elementor-widget-heading .elementor-heading-title.elementor-size-xl{font-size:39px}.elementor-widget-heading .elementor-heading-title.elementor-size-xxl{font-size:59px}<\/style><h2 class=\"elementor-heading-title elementor-size-default\">Die Geschichte<\/h2>\t\t<\/div>\n\t\t\t\t<\/div>\n\t\t\t\t<div class=\"elementor-element elementor-element-2c02ac8 elementor-widget elementor-widget-text-editor\" data-id=\"2c02ac8\" data-element_type=\"widget\" data-widget_type=\"text-editor.default\">\n\t\t\t\t<div class=\"elementor-widget-container\">\n\t\t\t<style>\/*! elementor - v3.12.1 - 02-04-2023 *\/\n.elementor-widget-text-editor.elementor-drop-cap-view-stacked .elementor-drop-cap{background-color:#69727d;color:#fff}.elementor-widget-text-editor.elementor-drop-cap-view-framed .elementor-drop-cap{color:#69727d;border:3px solid;background-color:transparent}.elementor-widget-text-editor:not(.elementor-drop-cap-view-default) .elementor-drop-cap{margin-top:8px}.elementor-widget-text-editor:not(.elementor-drop-cap-view-default) .elementor-drop-cap-letter{width:1em;height:1em}.elementor-widget-text-editor .elementor-drop-cap{float:left;text-align:center;line-height:1;font-size:50px}.elementor-widget-text-editor .elementor-drop-cap-letter{display:inline-block}<\/style>\t\t\t\t<p>Unsere Geschichte beginnt im Jahr 1995 in Reggio Emilia. Vecchi Zironi wurde durch die Verschmelzung zweier Transportunternehmen, die beide im Jahr 1973 entstanden sind, gegr\u00fcndet: das Unternehmen Trasporti Zironi, das auf Transporte von Chemikalien, und das Unternehmen Trasporti e Spedizioni Vecchi, welche auf Transporte von Nahrungsmitteln spezialisiert waren.<\/p>\n<p>In den letzten Jahren hat Vecchi Zironi durch einen Prozess der Internationalisierung eine starke Ausweitung erfahren, die das Unternehmen dank der Qualit\u00e4t und Professionalit\u00e4t, die das Unternehmen auszeichnen, zu einem der wichtigsten multimodalen Betreiber in Europa gemacht hat.<\/p>\n\t\t\t\t\t\t<\/div>\n\t\t\t\t<\/div>\n\t\t\t\t<\/div>\n\t\t<div class=\"elementor-element elementor-element-3e919ac e-con-full e-con\" data-id=\"3e919ac\" data-element_type=\"container\" data-settings=\"{&quot;content_width&quot;:&quot;full&quot;}\">\n\t\t\t\t<div class=\"elementor-element elementor-element-1cfe721 elementor-widget elementor-widget-image\" data-id=\"1cfe721\" data-element_type=\"widget\" data-widget_type=\"image.default\">\n\t\t\t\t<div class=\"elementor-widget-container\">\n\t\t\t<style>\/*! elementor - v3.12.1 - 02-04-2023 *\/\n.elementor-widget-image{text-align:center}.elementor-widget-image a{display:inline-block}.elementor-widget-image a img[src$=\".svg\"]{width:48px}.elementor-widget-image img{vertical-align:middle;display:inline-block}<\/style>\t\t\t\t\t\t\t\t\t\t\t\t<img decoding=\"async\" width=\"768\" height=\"576\" src=\"https:\/\/vecchizironi.it\/assets\/uploads\/2023\/01\/VecchiZiorni_storia_1-768x576.jpg\" class=\"attachment-medium_large size-medium_large wp-image-978\" alt=\"Trasporto su strada\" srcset=\"https:\/\/vecchizironi.it\/assets\/uploads\/2023\/01\/VecchiZiorni_storia_1-768x576.jpg 768w, https:\/\/vecchizironi.it\/assets\/uploads\/2023\/01\/VecchiZiorni_storia_1-300x225.jpg 300w, https:\/\/vecchizironi.it\/assets\/uploads\/2023\/01\/VecchiZiorni_storia_1-1024x768.jpg 1024w, https:\/\/vecchizironi.it\/assets\/uploads\/2023\/01\/VecchiZiorni_storia_1-1536x1152.jpg 1536w, https:\/\/vecchizironi.it\/assets\/uploads\/2023\/01\/VecchiZiorni_storia_1.jpg 1920w\" sizes=\"(max-width: 768px) 100vw, 768px\" \/>\t\t\t\t\t\t\t\t\t\t\t\t\t\t\t<\/div>\n\t\t\t\t<\/div>\n\t\t\t\t<\/div>\n\t\t\t\t\t<\/div>\n\t\t\t\t<\/div>\n\t\t<div class=\"elementor-element elementor-element-7e67280 e-con-boxed e-con\" data-id=\"7e67280\" data-element_type=\"container\" data-settings=\"{&quot;content_width&quot;:&quot;boxed&quot;}\">\n\t\t\t\t\t<div class=\"e-con-inner\">\n\t\t<div class=\"elementor-element elementor-element-9e30650 e-con-full e-con\" data-id=\"9e30650\" data-element_type=\"container\" data-settings=\"{&quot;content_width&quot;:&quot;full&quot;}\">\n\t\t\t\t<div class=\"elementor-element elementor-element-2fe6d59 elementor-widget elementor-widget-image\" data-id=\"2fe6d59\" data-element_type=\"widget\" data-widget_type=\"image.default\">\n\t\t\t\t<div class=\"elementor-widget-container\">\n\t\t\t\t\t\t\t\t\t\t\t\t\t\t\t<img decoding=\"async\" width=\"768\" height=\"576\" src=\"https:\/\/vecchizironi.it\/assets\/uploads\/2023\/01\/VecchiZiorni_storia_2-768x576.jpg\" class=\"attachment-medium_large size-medium_large wp-image-981\" alt=\"\" srcset=\"https:\/\/vecchizironi.it\/assets\/uploads\/2023\/01\/VecchiZiorni_storia_2-768x576.jpg 768w, https:\/\/vecchizironi.it\/assets\/uploads\/2023\/01\/VecchiZiorni_storia_2-300x225.jpg 300w, https:\/\/vecchizironi.it\/assets\/uploads\/2023\/01\/VecchiZiorni_storia_2-1024x768.jpg 1024w, https:\/\/vecchizironi.it\/assets\/uploads\/2023\/01\/VecchiZiorni_storia_2-1536x1152.jpg 1536w, https:\/\/vecchizironi.it\/assets\/uploads\/2023\/01\/VecchiZiorni_storia_2.jpg 1920w\" sizes=\"(max-width: 768px) 100vw, 768px\" \/>\t\t\t\t\t\t\t\t\t\t\t\t\t\t\t<\/div>\n\t\t\t\t<\/div>\n\t\t\t\t<\/div>\n\t\t<div class=\"elementor-element elementor-element-2249372 e-con-full e-con\" data-id=\"2249372\" data-element_type=\"container\" data-settings=\"{&quot;content_width&quot;:&quot;full&quot;}\">\n\t\t\t\t<div class=\"elementor-element elementor-element-4d836c8 elementor-widget elementor-widget-text-editor\" data-id=\"4d836c8\" data-element_type=\"widget\" data-widget_type=\"text-editor.default\">\n\t\t\t\t<div class=\"elementor-widget-container\">\n\t\t\t\t\t\t\t<p>Das sind die Werte, die verfolgt werden, indem den Kunden modernste Dienstleistungen angeboten werden, die auf die unterschiedlichen Bed\u00fcrfnisse in Italien und im Ausland zugeschnitten sind.<\/p>\n<p>Unser Unternehmen achtet auf alle technologischen Innovationen, logistische und intermodal Transportaktivit\u00e4ten, die f\u00fcr die Reduzierung von Emissionen n\u00fctzlich sind und unser Engagement f\u00fcr die Umwelt zu unserem Ziel machen.<\/p>\n\t\t\t\t\t\t<\/div>\n\t\t\t\t<\/div>\n\t\t\t\t<\/div>\n\t\t\t\t\t<\/div>\n\t\t\t\t<\/div>\n\t\t<div class=\"elementor-element elementor-element-9cbc9f6 e-con-boxed e-con\" data-id=\"9cbc9f6\" data-element_type=\"container\" data-settings=\"{&quot;content_width&quot;:&quot;boxed&quot;}\">\n\t\t\t\t\t<div class=\"e-con-inner\">\n\t\t<div class=\"elementor-element elementor-element-a8d7f9c e-con-full e-con\" data-id=\"a8d7f9c\" data-element_type=\"container\" data-settings=\"{&quot;content_width&quot;:&quot;full&quot;}\">\n\t\t\t\t<div class=\"elementor-element elementor-element-067962e elementor-widget elementor-widget-heading\" data-id=\"067962e\" data-element_type=\"widget\" data-widget_type=\"heading.default\">\n\t\t\t\t<div class=\"elementor-widget-container\">\n\t\t\t<h2 class=\"elementor-heading-title elementor-size-default\">Vision<\/h2>\t\t<\/div>\n\t\t\t\t<\/div>\n\t\t\t\t<div class=\"elementor-element elementor-element-e201dba elementor-widget elementor-widget-text-editor\" data-id=\"e201dba\" data-element_type=\"widget\" data-widget_type=\"text-editor.default\">\n\t\t\t\t<div class=\"elementor-widget-container\">\n\t\t\t\t\t\t\t<div class=\"page\" title=\"Page 1\">\n<div class=\"section\">\n<div class=\"layoutArea\">\n<div class=\"column\">\n<p>Unser Wunschtraum ist es eine hervorragende Leistung im Sektor des intermodalen Transports in Italien und in der Welt zu bieten, und dabei eine zunehmend nachhaltige Zukunft aufzubauen.<\/p>\n<\/div>\n<\/div>\n<\/div>\n<\/div>\n\t\t\t\t\t\t<\/div>\n\t\t\t\t<\/div>\n\t\t\t\t<div class=\"elementor-element elementor-element-c2e78d8 elementor-widget elementor-widget-heading\" data-id=\"c2e78d8\" data-element_type=\"widget\" data-widget_type=\"heading.default\">\n\t\t\t\t<div class=\"elementor-widget-container\">\n\t\t\t<h2 class=\"elementor-heading-title elementor-size-default\">Mission<\/h2>\t\t<\/div>\n\t\t\t\t<\/div>\n\t\t\t\t<div class=\"elementor-element elementor-element-6b8ba7a elementor-widget elementor-widget-text-editor\" data-id=\"6b8ba7a\" data-element_type=\"widget\" data-widget_type=\"text-editor.default\">\n\t\t\t\t<div class=\"elementor-widget-container\">\n\t\t\t\t\t\t\t<div class=\"page\" title=\"Page 1\">\n<div class=\"section\">\n<div class=\"layoutArea\">\n<div class=\"column\">\n<div class=\"page\" title=\"Page 1\">\n<div class=\"section\">\n<div class=\"layoutArea\">\n<div class=\"column\">\n<p>Unsere Aufgabe ist es, den Kunden durch unsere jahrzehntelange Erfahrung flexible, nachhaltige und hochmoderne L\u00f6sungen anzubieten, indem wir auf intelligente Art und Weise verschiedene Transportmodalit\u00e4ten, wie See-; Schiene- und Landweg, kombinieren.<\/p>\n<\/div>\n<\/div>\n<\/div>\n<\/div>\n<\/div>\n<\/div>\n<\/div>\n<\/div>\n\t\t\t\t\t\t<\/div>\n\t\t\t\t<\/div>\n\t\t\t\t<\/div>\n\t\t<div class=\"elementor-element elementor-element-cf62e70 e-con-full e-con\" data-id=\"cf62e70\" data-element_type=\"container\" data-settings=\"{&quot;content_width&quot;:&quot;full&quot;}\">\n\t\t\t\t<div class=\"elementor-element elementor-element-61c9f89 elementor-widget elementor-widget-image\" data-id=\"61c9f89\" data-element_type=\"widget\" data-widget_type=\"image.default\">\n\t\t\t\t<div class=\"elementor-widget-container\">\n\t\t\t\t\t\t\t\t\t\t\t\t\t\t\t<img decoding=\"async\" width=\"768\" height=\"666\" src=\"https:\/\/vecchizironi.it\/assets\/uploads\/2023\/01\/VecchiZironi_Vision_Mission-768x666.jpg\" class=\"attachment-medium_large size-medium_large wp-image-795\" alt=\"Trasporto intermodale via ferrovia\" srcset=\"https:\/\/vecchizironi.it\/assets\/uploads\/2023\/01\/VecchiZironi_Vision_Mission-768x666.jpg 768w, https:\/\/vecchizironi.it\/assets\/uploads\/2023\/01\/VecchiZironi_Vision_Mission-300x260.jpg 300w, https:\/\/vecchizironi.it\/assets\/uploads\/2023\/01\/VecchiZironi_Vision_Mission.jpg 800w\" sizes=\"(max-width: 768px) 100vw, 768px\" \/>\t\t\t\t\t\t\t\t\t\t\t\t\t\t\t<\/div>\n\t\t\t\t<\/div>\n\t\t\t\t<\/div>\n\t\t\t\t\t<\/div>\n\t\t\t\t<\/div>\n\t\t\t\t\t\t\t<\/div>\n\t\t","protected":false},"excerpt":{"rendered":"<p>Die Geschichte Unsere Geschichte beginnt im Jahr 1995 in Reggio Emilia. Vecchi Zironi wurde durch die Verschmelzung zweier Transportunternehmen, die beide im Jahr 1973 entstanden sind, gegr\u00fcndet: das Unternehmen Trasporti Zironi, das auf Transporte von Chemikalien, und das Unternehmen Trasporti e Spedizioni Vecchi, welche auf Transporte von Nahrungsmitteln spezialisiert waren. In den letzten Jahren hat [&hellip;]<\/p>\n","protected":false},"author":1,"featured_media":895,"parent":0,"menu_order":0,"comment_status":"closed","ping_status":"closed","template":"","meta":{"footnotes":""},"class_list":["post-55","page","type-page","status-publish","has-post-thumbnail","hentry"],"yoast_head":"<!-- This site is optimized with the Yoast SEO plugin v20.1 - https:\/\/yoast.com\/wordpress\/plugins\/seo\/ -->\n<title>\u00dcber uns - Vecchi Zironi<\/title>\n<meta name=\"robots\" content=\"index, follow, max-snippet:-1, max-image-preview:large, max-video-preview:-1\" \/>\n<link rel=\"canonical\" href=\"https:\/\/vecchizironi.it\/de\/ueber-uns\/\" \/>\n<meta property=\"og:locale\" content=\"de_DE\" \/>\n<meta property=\"og:type\" content=\"article\" \/>\n<meta property=\"og:title\" content=\"\u00dcber uns - Vecchi Zironi\" \/>\n<meta property=\"og:description\" content=\"Die Geschichte Unsere Geschichte beginnt im Jahr 1995 in Reggio Emilia. Vecchi Zironi wurde durch die Verschmelzung zweier Transportunternehmen, die beide im Jahr 1973 entstanden sind, gegr\u00fcndet: das Unternehmen Trasporti Zironi, das auf Transporte von Chemikalien, und das Unternehmen Trasporti e Spedizioni Vecchi, welche auf Transporte von Nahrungsmitteln spezialisiert waren. In den letzten Jahren hat [&hellip;]\" \/>\n<meta property=\"og:url\" content=\"https:\/\/vecchizironi.it\/de\/ueber-uns\/\" \/>\n<meta property=\"og:site_name\" content=\"Vecchi Zironi\" \/>\n<meta property=\"article:modified_time\" content=\"2023-02-28T14:37:04+00:00\" \/>\n<meta property=\"og:image\" content=\"https:\/\/vecchizironi.it\/assets\/uploads\/2023\/01\/vecchizironi_chisiamo-1.jpg\" \/>\n\t<meta property=\"og:image:width\" content=\"1920\" \/>\n\t<meta property=\"og:image:height\" content=\"1439\" \/>\n\t<meta property=\"og:image:type\" content=\"image\/jpeg\" \/>\n<meta name=\"twitter:card\" content=\"summary_large_image\" \/>\n<meta name=\"twitter:label1\" content=\"Gesch\u00e4tzte Lesezeit\" \/>\n\t<meta name=\"twitter:data1\" content=\"1\u00a0Minute\" \/>\n<script type=\"application\/ld+json\" class=\"yoast-schema-graph\">{\"@context\":\"https:\/\/schema.org\",\"@graph\":[{\"@type\":\"WebPage\",\"@id\":\"https:\/\/vecchizironi.it\/de\/ueber-uns\/\",\"url\":\"https:\/\/vecchizironi.it\/de\/ueber-uns\/\",\"name\":\"\u00dcber uns - Vecchi Zironi\",\"isPartOf\":{\"@id\":\"https:\/\/vecchizironi.it\/#website\"},\"datePublished\":\"2022-12-05T13:58:39+00:00\",\"dateModified\":\"2023-02-28T14:37:04+00:00\",\"breadcrumb\":{\"@id\":\"https:\/\/vecchizironi.it\/de\/ueber-uns\/#breadcrumb\"},\"inLanguage\":\"de\",\"potentialAction\":[{\"@type\":\"ReadAction\",\"target\":[\"https:\/\/vecchizironi.it\/de\/ueber-uns\/\"]}]},{\"@type\":\"BreadcrumbList\",\"@id\":\"https:\/\/vecchizironi.it\/de\/ueber-uns\/#breadcrumb\",\"itemListElement\":[{\"@type\":\"ListItem\",\"position\":1,\"name\":\"Home\",\"item\":\"https:\/\/vecchizironi.it\/de\/\"},{\"@type\":\"ListItem\",\"position\":2,\"name\":\"\u00dcber uns\"}]},{\"@type\":\"WebSite\",\"@id\":\"https:\/\/vecchizironi.it\/#website\",\"url\":\"https:\/\/vecchizironi.it\/\",\"name\":\"Vecchi Zironi\",\"description\":\"\",\"publisher\":{\"@id\":\"https:\/\/vecchizironi.it\/#organization\"},\"potentialAction\":[{\"@type\":\"SearchAction\",\"target\":{\"@type\":\"EntryPoint\",\"urlTemplate\":\"https:\/\/vecchizironi.it\/?s={search_term_string}\"},\"query-input\":\"required name=search_term_string\"}],\"inLanguage\":\"de\"},{\"@type\":\"Organization\",\"@id\":\"https:\/\/vecchizironi.it\/#organization\",\"name\":\"Vecchi Zironi\",\"url\":\"https:\/\/vecchizironi.it\/\",\"logo\":{\"@type\":\"ImageObject\",\"inLanguage\":\"de\",\"@id\":\"https:\/\/vecchizironi.it\/#\/schema\/logo\/image\/\",\"url\":\"https:\/\/vecchizironi.it\/assets\/uploads\/2022\/12\/logo-vecchi-zironi.png\",\"contentUrl\":\"https:\/\/vecchizironi.it\/assets\/uploads\/2022\/12\/logo-vecchi-zironi.png\",\"width\":776,\"height\":277,\"caption\":\"Vecchi Zironi\"},\"image\":{\"@id\":\"https:\/\/vecchizironi.it\/#\/schema\/logo\/image\/\"}}]}<\/script>\n<!-- \/ Yoast SEO plugin. -->","yoast_head_json":{"title":"\u00dcber uns - Vecchi Zironi","robots":{"index":"index","follow":"follow","max-snippet":"max-snippet:-1","max-image-preview":"max-image-preview:large","max-video-preview":"max-video-preview:-1"},"canonical":"https:\/\/vecchizironi.it\/de\/ueber-uns\/","og_locale":"de_DE","og_type":"article","og_title":"\u00dcber uns - Vecchi Zironi","og_description":"Die Geschichte Unsere Geschichte beginnt im Jahr 1995 in Reggio Emilia. Vecchi Zironi wurde durch die Verschmelzung zweier Transportunternehmen, die beide im Jahr 1973 entstanden sind, gegr\u00fcndet: das Unternehmen Trasporti Zironi, das auf Transporte von Chemikalien, und das Unternehmen Trasporti e Spedizioni Vecchi, welche auf Transporte von Nahrungsmitteln spezialisiert waren. In den letzten Jahren hat [&hellip;]","og_url":"https:\/\/vecchizironi.it\/de\/ueber-uns\/","og_site_name":"Vecchi Zironi","article_modified_time":"2023-02-28T14:37:04+00:00","og_image":[{"width":1920,"height":1439,"url":"https:\/\/vecchizironi.it\/assets\/uploads\/2023\/01\/vecchizironi_chisiamo-1.jpg","type":"image\/jpeg"}],"twitter_card":"summary_large_image","twitter_misc":{"Gesch\u00e4tzte Lesezeit":"1\u00a0Minute"},"schema":{"@context":"https:\/\/schema.org","@graph":[{"@type":"WebPage","@id":"https:\/\/vecchizironi.it\/de\/ueber-uns\/","url":"https:\/\/vecchizironi.it\/de\/ueber-uns\/","name":"\u00dcber uns - Vecchi Zironi","isPartOf":{"@id":"https:\/\/vecchizironi.it\/#website"},"datePublished":"2022-12-05T13:58:39+00:00","dateModified":"2023-02-28T14:37:04+00:00","breadcrumb":{"@id":"https:\/\/vecchizironi.it\/de\/ueber-uns\/#breadcrumb"},"inLanguage":"de","potentialAction":[{"@type":"ReadAction","target":["https:\/\/vecchizironi.it\/de\/ueber-uns\/"]}]},{"@type":"BreadcrumbList","@id":"https:\/\/vecchizironi.it\/de\/ueber-uns\/#breadcrumb","itemListElement":[{"@type":"ListItem","position":1,"name":"Home","item":"https:\/\/vecchizironi.it\/de\/"},{"@type":"ListItem","position":2,"name":"\u00dcber uns"}]},{"@type":"WebSite","@id":"https:\/\/vecchizironi.it\/#website","url":"https:\/\/vecchizironi.it\/","name":"Vecchi Zironi","description":"","publisher":{"@id":"https:\/\/vecchizironi.it\/#organization"},"potentialAction":[{"@type":"SearchAction","target":{"@type":"EntryPoint","urlTemplate":"https:\/\/vecchizironi.it\/?s={search_term_string}"},"query-input":"required name=search_term_string"}],"inLanguage":"de"},{"@type":"Organization","@id":"https:\/\/vecchizironi.it\/#organization","name":"Vecchi Zironi","url":"https:\/\/vecchizironi.it\/","logo":{"@type":"ImageObject","inLanguage":"de","@id":"https:\/\/vecchizironi.it\/#\/schema\/logo\/image\/","url":"https:\/\/vecchizironi.it\/assets\/uploads\/2022\/12\/logo-vecchi-zironi.png","contentUrl":"https:\/\/vecchizironi.it\/assets\/uploads\/2022\/12\/logo-vecchi-zironi.png","width":776,"height":277,"caption":"Vecchi Zironi"},"image":{"@id":"https:\/\/vecchizironi.it\/#\/schema\/logo\/image\/"}}]}},"_links":{"self":[{"href":"https:\/\/vecchizironi.it\/de\/wp-json\/wp\/v2\/pages\/55","targetHints":{"allow":["GET"]}}],"collection":[{"href":"https:\/\/vecchizironi.it\/de\/wp-json\/wp\/v2\/pages"}],"about":[{"href":"https:\/\/vecchizironi.it\/de\/wp-json\/wp\/v2\/types\/page"}],"author":[{"embeddable":true,"href":"https:\/\/vecchizironi.it\/de\/wp-json\/wp\/v2\/users\/1"}],"replies":[{"embeddable":true,"href":"https:\/\/vecchizironi.it\/de\/wp-json\/wp\/v2\/comments?post=55"}],"version-history":[{"count":0,"href":"https:\/\/vecchizironi.it\/de\/wp-json\/wp\/v2\/pages\/55\/revisions"}],"wp:featuredmedia":[{"embeddable":true,"href":"https:\/\/vecchizironi.it\/de\/wp-json\/wp\/v2\/media\/895"}],"wp:attachment":[{"href":"https:\/\/vecchizironi.it\/de\/wp-json\/wp\/v2\/media?parent=55"}],"curies":[{"name":"wp","href":"https:\/\/api.w.org\/{rel}","templated":true}]}}