{"id":1406,"date":"2023-02-28T16:53:43","date_gmt":"2023-02-28T15:53:43","guid":{"rendered":"https:\/\/vecchizironi.it\/?page_id=1406"},"modified":"2023-02-28T16:54:37","modified_gmt":"2023-02-28T15:54:37","slug":"privacy-policy","status":"publish","type":"page","link":"https:\/\/vecchizironi.it\/de\/privacy-policy\/","title":{"rendered":"Privacy policy"},"content":{"rendered":"\t\t<div data-elementor-type=\"wp-page\" data-elementor-id=\"1406\" class=\"elementor elementor-1406\">\n\t\t\t\t\t\t\t<div class=\"elementor-element elementor-element-4db4797 e-con-boxed e-con\" data-id=\"4db4797\" data-element_type=\"container\" data-settings=\"{&quot;background_background&quot;:&quot;classic&quot;,&quot;content_width&quot;:&quot;boxed&quot;}\">\n\t\t\t\t\t<div class=\"e-con-inner\">\n\t\t\t\t\t<\/div>\n\t\t\t\t<\/div>\n\t\t<div class=\"elementor-element elementor-element-7d57159 e-con-boxed e-con\" data-id=\"7d57159\" data-element_type=\"container\" data-settings=\"{&quot;content_width&quot;:&quot;boxed&quot;}\">\n\t\t\t\t\t<div class=\"e-con-inner\">\n\t\t\t\t<div class=\"elementor-element elementor-element-5cd636b elementor-widget elementor-widget-shortcode\" data-id=\"5cd636b\" data-element_type=\"widget\" data-widget_type=\"shortcode.default\">\n\t\t\t\t<div class=\"elementor-widget-container\">\n\t\t\t<!-- Breadcrumb NavXT 7.2.0 -->\n<span property=\"itemListElement\" typeof=\"ListItem\"><a property=\"item\" typeof=\"WebPage\" title=\"Gehe zu Vecchi Zironi.\" href=\"https:\/\/vecchizironi.it\/de\/\" class=\"home\" aria-current=\"page\"><span property=\"name\">Vecchi Zironi<\/span><\/a><meta property=\"position\" content=\"1\"><\/span>\t\t<div class=\"elementor-shortcode\"><\/div>\n\t\t\t\t<\/div>\n\t\t\t\t<\/div>\n\t\t\t\t\t<\/div>\n\t\t\t\t<\/div>\n\t\t\t\t<section class=\"elementor-section elementor-top-section elementor-element elementor-element-32e178e elementor-section-boxed elementor-section-height-default elementor-section-height-default\" data-id=\"32e178e\" data-element_type=\"section\">\n\t\t\t\t\t\t<div class=\"elementor-container elementor-column-gap-default\">\n\t\t\t\t\t<div class=\"elementor-column elementor-col-100 elementor-top-column elementor-element elementor-element-d81bb1e\" data-id=\"d81bb1e\" data-element_type=\"column\">\n\t\t\t<div class=\"elementor-widget-wrap elementor-element-populated\">\n\t\t\t\t\t\t\t\t<div class=\"elementor-element elementor-element-aaf42a8 elementor-widget elementor-widget-text-editor\" data-id=\"aaf42a8\" data-element_type=\"widget\" data-widget_type=\"text-editor.default\">\n\t\t\t\t<div class=\"elementor-widget-container\">\n\t\t\t<style>\/*! elementor - v3.12.1 - 02-04-2023 *\/\n.elementor-widget-text-editor.elementor-drop-cap-view-stacked .elementor-drop-cap{background-color:#69727d;color:#fff}.elementor-widget-text-editor.elementor-drop-cap-view-framed .elementor-drop-cap{color:#69727d;border:3px solid;background-color:transparent}.elementor-widget-text-editor:not(.elementor-drop-cap-view-default) .elementor-drop-cap{margin-top:8px}.elementor-widget-text-editor:not(.elementor-drop-cap-view-default) .elementor-drop-cap-letter{width:1em;height:1em}.elementor-widget-text-editor .elementor-drop-cap{float:left;text-align:center;line-height:1;font-size:50px}.elementor-widget-text-editor .elementor-drop-cap-letter{display:inline-block}<\/style>\t\t\t\t<h2>Informativa sul trattamento dei dati personali<\/h2><p>La presente informativa descrive le modalit\u00e0 di gestione del sito web ufficiale della ditta Trasporti Vecchi Zironi Srl in riferimento al trattamento dei dati personali degli utenti, identificati o identificabili, che lo consultano e che interagiscono con esso e con i servizi web eventualmente erogati per via telematica.<\/p><p>L&#8217;informativa \u00e8 resa ai sensi dell&#8216; art. 13 del Regolamento UE 2016\/679. In particolare, la presente informativa intende fornire notizie relative alle modalit\u00e0, ai tempi e alla natura delle informazioni che i titolari del trattamento devono fornire agli utenti quando questi si collegano a pagine web, indipendentemente dagli scopi del collegamento.<\/p><p>L&#8217;informativa \u00e8 resa solo per il sito della ditta Trasporti Vecchi Zironi Srl a partire dall&#8217;indirizzo www.vecchizironi.it corrispondente alla pagina iniziale del sito, e non per altri siti web esterni, eventualmente consultati dall&#8217;utente tramite link.<\/p><h3>Titolare del trattamento dei dati<\/h3><p>Il titolare del trattamento dei dati personali \u00e8 la ditta Trasporti Vecchi Zironi Srl Via Marsilio da Padova n <sup>o <\/sup>6 42124 Reggio Emilia P.iva 01159130358.<\/p><h3>Luogo del trattamento dei dati<\/h3><p>I trattamenti connessi ai servizi web di questo sito hanno luogo presso la sede operativa della ditta Trasporti Vecchi Zironi Srl Via Marsilio da Padova n.6, 42124 Reggio Emilia P.iva 01159130358 e sono curati solo da personale incaricato al trattamento, oppure da eventuali incaricati di occasionali operazioni di manutenzione.<\/p><p>Nessun dato derivante dal servizio web viene comunicato o diffuso, salvo nei casi espressamente previsti dalla legge.<\/p><p>I dati personali forniti dagli utenti sono utilizzati al solo fine di eseguire il servizio o la prestazione richiesta ed espressa nelle finalit\u00e0 del trattamento e sono comunicati a terzi nel solo caso in cui ci\u00f2 sia a tal fine necessario.<\/p><h3>Dati trattati<\/h3><ul><li>Dati di navigazione<\/li><\/ul><p>I sistemi informatici e le procedure software preposte al funzionamento di questo sito web acquisiscono, nel corso del loro normale esercizio, alcuni dati personali la cui trasmissione \u00e8 implicita nell&#8217;uso dei protocolli di comunicazione di Internet.<\/p><p>Si tratta di informazioni che non sono raccolte per essere associate a interessati identificati, ma che per loro stessa natura potrebbero, attraverso elaborazioni ed associazioni con dati detenuti da terzi, permettere di identificare gli utenti.<\/p><p>In questa categoria di dati rientrano gli indirizzi IP o i nomi a dominio dei computer utilizzati dagli utenti che si connettono al sito, gli indirizzi in notazione URI (Uniform Resource Identifier) delle risorse richieste, l&#8217;orario della richiesta, il metodo utilizzato nel sottoporre la richiesta al server, la dimensione del file ottenuto in risposta, il codice numerico indicante lo stato della risposta data dal server (buon fine, errore, ecc.) ed altri parametri relativi al sistema operativo e all&#8217;ambiente informatico dell&#8217;utente.<\/p><p>Questi dati vengono utilizzati al solo fine di ricavare informazioni statistiche anonime sull&#8217;uso del sito e per controllarne il corretto funzionamento e vengono conservati per il tempo strettamente necessario. I dati potrebbero essere utilizzati per l&#8217;accertamento di responsabilit\u00e0 in caso di ipotetici reati informatici ai danni del sito.<\/p><ul><li>Dati forniti volontariamente dall&#8217;utente<\/li><\/ul><p>L&#8217;invio facoltativo, esplicito e volontario di posta elettronica agli indirizzi indicati su questo sito comporta la successiva acquisizione dell&#8217;indirizzo del mittente, necessario per rispondere alle richieste, nonch\u00e9 degli eventuali altri dati personali inseriti nella missiva.<\/p><ul><li>Cookies<\/li><\/ul><p>Nessun dato personale degli utenti viene in proposito acquisito dal sito. Non viene fatto uso di cookies per la trasmissione di informazioni di carattere personale, n\u00e9 vengono utilizzati C.d. cookies persistenti di alcun tipo, ovvero sistemi per il tracciamento degli utenti.<\/p><p>L&#8217;uso di C.d. cookies di sessione (che non vengono memorizzati in modo persistente sul computer dell&#8217;utente e svaniscono con la chiusura del browser) \u00e8 strettamente limitato alla trasmissione di identificativi di sessione (costituiti da numeri casuali generati dal server) necessari per consentire l&#8217;esplorazione sicura ed efficiente del sito.<\/p><p>I C.d. cookies di sessione utilizzati in questo sito evitano il ricorso ad altre tecniche informatiche potenzialmente pregiudizievoli per la riservatezza della navigazione degli utenti e non consentono l&#8217;acquisizione di dati personali identificativi dell&#8217;utente.<\/p><h3>Conferimento dei dati<\/h3><p>A parte quanto specificato per i dati di navigazione, l&#8217;utente \u00e8 libero di fornire i propri dati personali attraverso la compilazione dei moduli di richiesta, oppure attraverso il contatto con gli uffici della ditta Trasporti Vecchi Zironi Srl Via Marsilio da Padova n o 6 42124 Reggio Emilia P.iva 01159130358 quando si sollecita l&#8217;invio di materiale informativo, di preventivi o di altre comunicazioni, la partecipazione alle iniziative promosse dall&#8217;Azienda.<\/p><p>Il loro mancato conferimento pu\u00f2 comportare l&#8217;impossibilit\u00e0 di ottenere quanto richiesto.<\/p><h3>Modalit\u00e0 del trattamento<\/h3><p>I dati personali sono trattati con strumenti automatizzati per il tempo strettamente necessario a conseguire gli scopi per cui sono stati raccolti. Specifiche misure di sicurezza sono osservate per prevenire la perdita dei dati, usi illeciti o non corretti ed accessi non autorizzati.<\/p><h3>Diritti degli interessati<\/h3><p>In relazione ai dati oggetto del trattamento di cui alla presente informativa all\u2019interessato \u00e8 riconosciuto in qualsiasi momento il diritto di:<\/p><p>&#8211; Accesso (art. 15 Regolamento UE 2016\/679);<\/p><p>&#8211; Rettifica (art. 16 Regolamento UE 2016\/679);<\/p><p>&#8211; Cancellazione (art. 17 Regolamento UE 2016\/679);<\/p><p>&#8211; Limitazione (art. 18 Regolamento UE 2016\/679);<\/p><p>&#8211; Portabilit\u00e0 (art. 20 Regolamento UE 2016\/679);<\/p><p>&#8211; Opposizione al trattamento (art. 21 Regolamento UE 2016\/679);<\/p><p>&#8211; Revoca del consenso al trattamento (art. 7, par. 3 Regolamento UE 2016\/679);<\/p><p>&#8211; Proporre reclamo all\u2019Autorit\u00e0 Garante per la Protezione dei dati personali (art. 51 Regolamento UE 2016\/679).<\/p><p>Tali diritti possono essere esercitati con richiesta scritta inviata a TRASPORTI VECCHI ZIRONI SRL, 42100 Reggio Emilia Via Marsilio da Padova, n. 6, 42100 Reggio Emilia (RE); Tel. +39 0 522 921921 &#8211; fax +39 0 522 921921 &#8211; fax +39 0522 921940; E-mail: info@vecchizironi.it P.IVA 01159130358 &#8211;\u00a0 C.F. 00260630355\u00a0<\/p>\t\t\t\t\t\t<\/div>\n\t\t\t\t<\/div>\n\t\t\t\t<div class=\"elementor-element elementor-element-b418378 elementor-widget elementor-widget-text-editor\" data-id=\"b418378\" data-element_type=\"widget\" data-widget_type=\"text-editor.default\">\n\t\t\t\t<div class=\"elementor-widget-container\">\n\t\t\t\t\t\t\t<h2 class=\"p1\">Informativa resa ai \u200bsensi degli articoli 13 e 14 del Regolamento UE &#8211; GDPR 2016\/679\u200b \u200b(General Data Protection Regulation) &#8211; per il trattamento dei dati personali<\/h2><p class=\"p3\">Ai sensi degli artt. 13 e 14 del Regolamento UE 2016\/679, ai fini della tutela delle persone e altri soggetti in materia di trattamento di dati personali, si informa quanto segue in merito al trattamento dei dati da Lei forniti in occasione di fornitura di beni\/prestazioni\/servizi:<\/p><h3 class=\"p3\"><span class=\"s1\">1. Titolare del trattamento<\/span><\/h3><p class=\"p3\">Il titolare del trattamento dei dati personali da Lei forniti \u00e8 la scrivente societ\u00e0 TRASPORTI VECCHI ZIRONI SRL, 42100 Reggio Emilia Via Marsilio da Padova, n. 6, 42100 Reggio Emilia (RE); Tel. +39 0 522 921921 &#8211; fax +39 0 522 921921 &#8211; fax +39 0522 921940; E-mail:\u00a0<a href=\"mailto:info@vecchizironi.it\"><span class=\"s2\">info@vecchizironi.it<\/span><\/a> P.IVA 01159130358<\/p><h3 class=\"p3\"><span class=\"s1\">2. Finalit\u00e0 del Trattamento<\/span><\/h3><p class=\"p3\">I dati da Lei forniti verranno utilizzati per:<span class=\"Apple-converted-space\">\u00a0<\/span><\/p><ol class=\"ol1\"><li class=\"li3\">l\u2019esecuzione degli obblighi contrattuali e l\u2019adempimento delle Sue richieste;<span class=\"Apple-converted-space\">\u00a0<\/span><\/li><li class=\"li3\">l\u2019adempimento degli obblighi normativi;<\/li><li class=\"li3\">la gestione organizzativa e commerciale del contratto;<\/li><li class=\"li3\">la tutela dei diritti contrattuali;<\/li><li class=\"li3\">analisi statistiche interne;<\/li><li class=\"li3\">attivit\u00e0 di marketing attraverso l\u2019invio di materiale promozionale e pubblicitario inerente a prodotti o servizi analoghi a quelli oggetto del rapporto commerciale in essere.<\/li><\/ol><h3 class=\"p3\"><span class=\"s1\">3. Modalit\u00e0 del Trattamento<\/span><\/h3><p class=\"p3\">Le modalit\u00e0 con la quale verranno trattati i dati personali contemplano anche l\u2019utilizzo di procedure informalizzate nei limiti necessari per perseguire le finalit\u00e0 di cui al punto 2.<span class=\"Apple-converted-space\">\u00a0<\/span><\/p><h3 class=\"p3\"><span class=\"s1\">4. Conferimento dei dati<\/span><\/h3><p class=\"p3\">Il conferimento dei dati e il relativo trattamento sono obbligatori in relazione alle finalit\u00e0 A., B., C., D del punto 2 della presente informativa relative agli adempimenti di natura contrattuale e legale e all&#8217;espletamento di tutte le attivit\u00e0 della societ\u00e0 scrivente necessarie e funzionali all&#8217;esecuzione degli obblighi contrattuali. <br \/>Ne consegue che l&#8217;eventuale rifiuto a fornire i dati per tali finalit\u00e0 potr\u00e0 determinare l&#8217;impossibilit\u00e0 della scrivente a dar corso ai rapporti contrattuali medesimi e agli obblighi di legge.<br \/>Il conferimento dei dati e il relativo trattamento \u00e8 da ritenersi facoltativo nelle altre situazioni, ossia le lett. E. ed F. del punto 2 della presente informativa.<\/p><h3 class=\"p3\"><span class=\"s1\">5. Consenso al trattamento<\/span><\/h3><p class=\"p3\">Il consenso non \u00e8 richiesto, fermo sempre restando i limiti imposti dalla normativa italiana e comunitaria, quando il trattamento \u00e8 necessario:<\/p><ol class=\"ol1\"><li class=\"li3\">per adempiere ad obblighi normativi;<\/li><li class=\"li3\">per eseguire obblighi derivanti da un contratto del quale \u00e8 parte l\u2019interessato;<span class=\"Apple-converted-space\">\u00a0<\/span><\/li><li class=\"li3\">per adempiere a specifiche richieste dell\u2019interessato;<span class=\"Apple-converted-space\">\u00a0<\/span><\/li><li class=\"li3\">se si tratta di dati pubblici conoscibili a chiunque.<\/li><\/ol><p class=\"p3\">Per la finalit\u00e0 di cui alla lettera E. ed F. del punto 2 di questa informativa, il consenso deve essere esplicitamente prestato.<\/p><h3 class=\"p3\"><span class=\"s1\">6. Comunicazione e diffusione dei dati<\/span><\/h3><p class=\"p3\">In relazione alle finalit\u00e0 indicate ai punti A., B. e D. i dati potranno essere comunicati ai seguenti soggetti o alle categorie di soggetti sotto indicati:<span class=\"Apple-converted-space\">\u00a0<\/span><\/p><ul class=\"ul1\"><li class=\"li3\">Aziende di trasporto e spedizionieri per gli aspetti connessi alle spedizioni di merci e le pratiche doganali;<\/li><li class=\"li3\">Istituti bancari per la gestione di Incassi e pagamenti;<\/li><li class=\"li3\">Amministrazioni finanziario e altre aziende o enti pubblici in adempimento di obblighi normativi;<\/li><li class=\"li3\">Societ\u00e0 e studi legali per la tutela dei diritti contrattuali.<\/li><\/ul><p class=\"p3\">Per la finalit\u00e0 di cui alla lett. C. i dati potranno essere comunicati ad agenti, rappresentanti, procacciatori che operano per la scrivente, aziende appaltatrici o lavoratori autonomi e aziende committenti.<\/p><p class=\"p3\">Per la finalit\u00e0 di cui alla lett. E non \u00e8 prevista la comunicazione dei dati fatto salvo la divulgazione di statistiche in forma aggregata ed anonima.<\/p><p class=\"p3\">Per la finalit\u00e0 di cui alla lett. F. non \u00e8 in genere prevista la comunicazione dei dati all&#8217;esterno fatta salva la comunicazione ad agenti o rappresentanti commerciali della scrivente che si occuperanno della presentazione o dell&#8217;invio del materiale nelle situazioni gi\u00e0 autorizzate dal cliente con l&#8217;espressione del consenso.<\/p><p class=\"p3\">Non \u00e8 prevista la diffusione dei dati personali.<\/p><h3 class=\"p3\"><span class=\"s1\">7. Misure di sicurezza<\/span><\/h3><p class=\"p3\">La Societ\u00e0 utilizza una vasta gamma di misure di sicurezza al fine di migliorare la protezione e la manutenzione della sicurezza, dell\u2019integrit\u00e0 e dell\u2019accessibilit\u00e0 dei Suoi dati personali.<br \/>I Suoi dati personali sono conservati sui nostri server (o copie cartacee sicure) o su quelli dei nostri fornitori o dei nostri partner commerciali, e sono accessibili ed utilizzabili nei limiti della presente informativa e nel rispetto della normativa italiana e comunitaria.<\/p><h3 class=\"p3\"><span class=\"s1\">8. Conservazione dei dati personali<\/span><\/h3><p class=\"p3\">I Suoi dati personali sono conservati solo per il tempo necessario al conseguimento delle finalit\u00e0 per le quali sono stati raccolti o per qualsiasi altra legittima finalit\u00e0 collegata. <br \/>I dati personali che non siano pi\u00f9 necessari, o per i quali non vi sia pi\u00f9 un presupposto giuridico per la relativa conservazione, vengono anonimizzati o distrutti in modo sicuro.<\/p><h3 class=\"p3\"><span class=\"s1\">9. Diritti dell\u2019interessato<\/span><\/h3><p class=\"p3\">In relazione ai dati oggetto del trattamento di cui alla presente informativa all\u2019interessato \u00e8 riconosciuto in qualsiasi momento il diritto di:<\/p><p class=\"p3\">&#8211; Accesso (art. 15 Regolamento UE 2016\/679);<\/p><p class=\"p3\">&#8211; Rettifica (art. 16 Regolamento UE 2016\/679);<\/p><p class=\"p3\">&#8211; Cancellazione (art. 17 Regolamento UE 2016\/679);<\/p><p class=\"p3\">&#8211; Limitazione (art. 18 Regolamento UE 2016\/679);<\/p><p class=\"p3\">&#8211; Portabilit\u00e0 (art. 20 Regolamento UE 2016\/679);<\/p><p class=\"p3\">&#8211; Opposizione al trattamento (art. 21 Regolamento UE 2016\/679);<\/p><p class=\"p3\">&#8211; Revoca del consenso al trattamento (art. 7, par. 3 Regolamento UE 2016\/679);<\/p><p class=\"p3\">&#8211; Proporre reclamo all\u2019Autorit\u00e0 Garante per la Protezione dei dati personali (art. 51 Regolamento UE 2016\/679).<\/p><p class=\"p3\">Pu\u00f2 esercitare i Suoi diritti con richiesta scritta inviata a TRASPORTI VECCHI ZIRONI SRL, 42100 Reggio Emilia Via Marsilio da Padova, n. 6, 42100 Reggio Emilia (RE); Tel. +39 0 522 921921 &#8211; fax +39 0 522 921921 &#8211; fax +39 0522 921940; E-mail: info@vecchizironi.it P.IVA 01159130358 &#8211;<span class=\"Apple-converted-space\">\u00a0 <\/span>C.F. 00260630355<\/p>\t\t\t\t\t\t<\/div>\n\t\t\t\t<\/div>\n\t\t\t\t\t<\/div>\n\t\t<\/div>\n\t\t\t\t\t\t\t<\/div>\n\t\t<\/section>\n\t\t\t\t\t\t\t<\/div>\n\t\t","protected":false},"excerpt":{"rendered":"<p>Informativa sul trattamento dei dati personali La presente informativa descrive le modalit\u00e0 di gestione del sito web ufficiale della ditta Trasporti Vecchi Zironi Srl in riferimento al trattamento dei dati personali degli utenti, identificati o identificabili, che lo consultano e che interagiscono con esso e con i servizi web eventualmente erogati per via telematica. L&#8217;informativa [&hellip;]<\/p>\n","protected":false},"author":1,"featured_media":0,"parent":0,"menu_order":0,"comment_status":"closed","ping_status":"closed","template":"","meta":{"footnotes":""},"class_list":["post-1406","page","type-page","status-publish","hentry"],"yoast_head":"<!-- This site is optimized with the Yoast SEO plugin v20.1 - https:\/\/yoast.com\/wordpress\/plugins\/seo\/ -->\n<title>Privacy policy - Vecchi Zironi<\/title>\n<meta name=\"robots\" content=\"index, follow, max-snippet:-1, max-image-preview:large, max-video-preview:-1\" \/>\n<link rel=\"canonical\" href=\"https:\/\/vecchizironi.it\/de\/privacy-policy\/\" \/>\n<meta property=\"og:locale\" content=\"de_DE\" \/>\n<meta property=\"og:type\" content=\"article\" \/>\n<meta property=\"og:title\" content=\"Privacy policy - Vecchi Zironi\" \/>\n<meta property=\"og:description\" content=\"Informativa sul trattamento dei dati personali La presente informativa descrive le modalit\u00e0 di gestione del sito web ufficiale della ditta Trasporti Vecchi Zironi Srl in riferimento al trattamento dei dati personali degli utenti, identificati o identificabili, che lo consultano e che interagiscono con esso e con i servizi web eventualmente erogati per via telematica. L&#8217;informativa [&hellip;]\" \/>\n<meta property=\"og:url\" content=\"https:\/\/vecchizironi.it\/de\/privacy-policy\/\" \/>\n<meta property=\"og:site_name\" content=\"Vecchi Zironi\" \/>\n<meta property=\"article:modified_time\" content=\"2023-02-28T15:54:37+00:00\" \/>\n<meta name=\"twitter:card\" content=\"summary_large_image\" \/>\n<meta name=\"twitter:label1\" content=\"Gesch\u00e4tzte Lesezeit\" \/>\n\t<meta name=\"twitter:data1\" content=\"11\u00a0Minuten\" \/>\n<script type=\"application\/ld+json\" class=\"yoast-schema-graph\">{\"@context\":\"https:\/\/schema.org\",\"@graph\":[{\"@type\":\"WebPage\",\"@id\":\"https:\/\/vecchizironi.it\/de\/privacy-policy\/\",\"url\":\"https:\/\/vecchizironi.it\/de\/privacy-policy\/\",\"name\":\"Privacy policy - Vecchi Zironi\",\"isPartOf\":{\"@id\":\"https:\/\/vecchizironi.it\/#website\"},\"datePublished\":\"2023-02-28T15:53:43+00:00\",\"dateModified\":\"2023-02-28T15:54:37+00:00\",\"breadcrumb\":{\"@id\":\"https:\/\/vecchizironi.it\/de\/privacy-policy\/#breadcrumb\"},\"inLanguage\":\"de\",\"potentialAction\":[{\"@type\":\"ReadAction\",\"target\":[\"https:\/\/vecchizironi.it\/de\/privacy-policy\/\"]}]},{\"@type\":\"BreadcrumbList\",\"@id\":\"https:\/\/vecchizironi.it\/de\/privacy-policy\/#breadcrumb\",\"itemListElement\":[{\"@type\":\"ListItem\",\"position\":1,\"name\":\"Home\",\"item\":\"https:\/\/vecchizironi.it\/de\/\"},{\"@type\":\"ListItem\",\"position\":2,\"name\":\"Privacy policy\"}]},{\"@type\":\"WebSite\",\"@id\":\"https:\/\/vecchizironi.it\/#website\",\"url\":\"https:\/\/vecchizironi.it\/\",\"name\":\"Vecchi Zironi\",\"description\":\"\",\"publisher\":{\"@id\":\"https:\/\/vecchizironi.it\/#organization\"},\"potentialAction\":[{\"@type\":\"SearchAction\",\"target\":{\"@type\":\"EntryPoint\",\"urlTemplate\":\"https:\/\/vecchizironi.it\/?s={search_term_string}\"},\"query-input\":\"required name=search_term_string\"}],\"inLanguage\":\"de\"},{\"@type\":\"Organization\",\"@id\":\"https:\/\/vecchizironi.it\/#organization\",\"name\":\"Vecchi Zironi\",\"url\":\"https:\/\/vecchizironi.it\/\",\"logo\":{\"@type\":\"ImageObject\",\"inLanguage\":\"de\",\"@id\":\"https:\/\/vecchizironi.it\/#\/schema\/logo\/image\/\",\"url\":\"https:\/\/vecchizironi.it\/assets\/uploads\/2022\/12\/logo-vecchi-zironi.png\",\"contentUrl\":\"https:\/\/vecchizironi.it\/assets\/uploads\/2022\/12\/logo-vecchi-zironi.png\",\"width\":776,\"height\":277,\"caption\":\"Vecchi Zironi\"},\"image\":{\"@id\":\"https:\/\/vecchizironi.it\/#\/schema\/logo\/image\/\"}}]}<\/script>\n<!-- \/ Yoast SEO plugin. -->","yoast_head_json":{"title":"Privacy policy - Vecchi Zironi","robots":{"index":"index","follow":"follow","max-snippet":"max-snippet:-1","max-image-preview":"max-image-preview:large","max-video-preview":"max-video-preview:-1"},"canonical":"https:\/\/vecchizironi.it\/de\/privacy-policy\/","og_locale":"de_DE","og_type":"article","og_title":"Privacy policy - Vecchi Zironi","og_description":"Informativa sul trattamento dei dati personali La presente informativa descrive le modalit\u00e0 di gestione del sito web ufficiale della ditta Trasporti Vecchi Zironi Srl in riferimento al trattamento dei dati personali degli utenti, identificati o identificabili, che lo consultano e che interagiscono con esso e con i servizi web eventualmente erogati per via telematica. L&#8217;informativa [&hellip;]","og_url":"https:\/\/vecchizironi.it\/de\/privacy-policy\/","og_site_name":"Vecchi Zironi","article_modified_time":"2023-02-28T15:54:37+00:00","twitter_card":"summary_large_image","twitter_misc":{"Gesch\u00e4tzte Lesezeit":"11\u00a0Minuten"},"schema":{"@context":"https:\/\/schema.org","@graph":[{"@type":"WebPage","@id":"https:\/\/vecchizironi.it\/de\/privacy-policy\/","url":"https:\/\/vecchizironi.it\/de\/privacy-policy\/","name":"Privacy policy - Vecchi Zironi","isPartOf":{"@id":"https:\/\/vecchizironi.it\/#website"},"datePublished":"2023-02-28T15:53:43+00:00","dateModified":"2023-02-28T15:54:37+00:00","breadcrumb":{"@id":"https:\/\/vecchizironi.it\/de\/privacy-policy\/#breadcrumb"},"inLanguage":"de","potentialAction":[{"@type":"ReadAction","target":["https:\/\/vecchizironi.it\/de\/privacy-policy\/"]}]},{"@type":"BreadcrumbList","@id":"https:\/\/vecchizironi.it\/de\/privacy-policy\/#breadcrumb","itemListElement":[{"@type":"ListItem","position":1,"name":"Home","item":"https:\/\/vecchizironi.it\/de\/"},{"@type":"ListItem","position":2,"name":"Privacy policy"}]},{"@type":"WebSite","@id":"https:\/\/vecchizironi.it\/#website","url":"https:\/\/vecchizironi.it\/","name":"Vecchi Zironi","description":"","publisher":{"@id":"https:\/\/vecchizironi.it\/#organization"},"potentialAction":[{"@type":"SearchAction","target":{"@type":"EntryPoint","urlTemplate":"https:\/\/vecchizironi.it\/?s={search_term_string}"},"query-input":"required name=search_term_string"}],"inLanguage":"de"},{"@type":"Organization","@id":"https:\/\/vecchizironi.it\/#organization","name":"Vecchi Zironi","url":"https:\/\/vecchizironi.it\/","logo":{"@type":"ImageObject","inLanguage":"de","@id":"https:\/\/vecchizironi.it\/#\/schema\/logo\/image\/","url":"https:\/\/vecchizironi.it\/assets\/uploads\/2022\/12\/logo-vecchi-zironi.png","contentUrl":"https:\/\/vecchizironi.it\/assets\/uploads\/2022\/12\/logo-vecchi-zironi.png","width":776,"height":277,"caption":"Vecchi Zironi"},"image":{"@id":"https:\/\/vecchizironi.it\/#\/schema\/logo\/image\/"}}]}},"_links":{"self":[{"href":"https:\/\/vecchizironi.it\/de\/wp-json\/wp\/v2\/pages\/1406","targetHints":{"allow":["GET"]}}],"collection":[{"href":"https:\/\/vecchizironi.it\/de\/wp-json\/wp\/v2\/pages"}],"about":[{"href":"https:\/\/vecchizironi.it\/de\/wp-json\/wp\/v2\/types\/page"}],"author":[{"embeddable":true,"href":"https:\/\/vecchizironi.it\/de\/wp-json\/wp\/v2\/users\/1"}],"replies":[{"embeddable":true,"href":"https:\/\/vecchizironi.it\/de\/wp-json\/wp\/v2\/comments?post=1406"}],"version-history":[{"count":0,"href":"https:\/\/vecchizironi.it\/de\/wp-json\/wp\/v2\/pages\/1406\/revisions"}],"wp:attachment":[{"href":"https:\/\/vecchizironi.it\/de\/wp-json\/wp\/v2\/media?parent=1406"}],"curies":[{"name":"wp","href":"https:\/\/api.w.org\/{rel}","templated":true}]}}