{"id":1359,"date":"2023-01-10T11:06:53","date_gmt":"2023-01-10T10:06:53","guid":{"rendered":"https:\/\/vecchizironi.it\/focus-on\/"},"modified":"2023-06-27T14:32:49","modified_gmt":"2023-06-27T12:32:49","slug":"focus-on","status":"publish","type":"page","link":"https:\/\/vecchizironi.it\/de\/focus-on\/","title":{"rendered":"Focus on"},"content":{"rendered":"\t\t<div data-elementor-type=\"wp-page\" data-elementor-id=\"1359\" class=\"elementor elementor-1359 elementor-646\">\n\t\t\t\t\t\t\t<div class=\"elementor-element elementor-element-22e1dd9 e-con-boxed e-con\" data-id=\"22e1dd9\" data-element_type=\"container\" data-settings=\"{&quot;background_background&quot;:&quot;classic&quot;,&quot;content_width&quot;:&quot;boxed&quot;}\">\n\t\t\t\t\t<div class=\"e-con-inner\">\n\t\t\t\t\t<\/div>\n\t\t\t\t<\/div>\n\t\t<div class=\"elementor-element elementor-element-01e4d7a e-con-boxed e-con\" data-id=\"01e4d7a\" data-element_type=\"container\" data-settings=\"{&quot;content_width&quot;:&quot;boxed&quot;}\">\n\t\t\t\t\t<div class=\"e-con-inner\">\n\t\t\t\t<div class=\"elementor-element elementor-element-60c7474 elementor-widget elementor-widget-shortcode\" data-id=\"60c7474\" data-element_type=\"widget\" data-widget_type=\"shortcode.default\">\n\t\t\t\t<div class=\"elementor-widget-container\">\n\t\t\t<!-- Breadcrumb NavXT 7.2.0 -->\n<span property=\"itemListElement\" typeof=\"ListItem\"><a property=\"item\" typeof=\"WebPage\" title=\"Gehe zu Vecchi Zironi.\" href=\"https:\/\/vecchizironi.it\/de\/\" class=\"home\" aria-current=\"page\"><span property=\"name\">Vecchi Zironi<\/span><\/a><meta property=\"position\" content=\"1\"><\/span>\t\t<div class=\"elementor-shortcode\"><\/div>\n\t\t\t\t<\/div>\n\t\t\t\t<\/div>\n\t\t\t\t\t<\/div>\n\t\t\t\t<\/div>\n\t\t<div class=\"elementor-element elementor-element-02db838 e-con-boxed e-con\" data-id=\"02db838\" data-element_type=\"container\" data-settings=\"{&quot;content_width&quot;:&quot;boxed&quot;}\">\n\t\t\t\t\t<div class=\"e-con-inner\">\n\t\t<div class=\"elementor-element elementor-element-4a6c207 e-con-full e-con\" data-id=\"4a6c207\" data-element_type=\"container\" data-settings=\"{&quot;content_width&quot;:&quot;full&quot;}\">\n\t\t\t\t<div class=\"elementor-element elementor-element-1d6c00a elementor-widget elementor-widget-text-editor\" data-id=\"1d6c00a\" data-element_type=\"widget\" data-widget_type=\"text-editor.default\">\n\t\t\t\t<div class=\"elementor-widget-container\">\n\t\t\t<style>\/*! elementor - v3.12.1 - 02-04-2023 *\/\n.elementor-widget-text-editor.elementor-drop-cap-view-stacked .elementor-drop-cap{background-color:#69727d;color:#fff}.elementor-widget-text-editor.elementor-drop-cap-view-framed .elementor-drop-cap{color:#69727d;border:3px solid;background-color:transparent}.elementor-widget-text-editor:not(.elementor-drop-cap-view-default) .elementor-drop-cap{margin-top:8px}.elementor-widget-text-editor:not(.elementor-drop-cap-view-default) .elementor-drop-cap-letter{width:1em;height:1em}.elementor-widget-text-editor .elementor-drop-cap{float:left;text-align:center;line-height:1;font-size:50px}.elementor-widget-text-editor .elementor-drop-cap-letter{display:inline-block}<\/style>\t\t\t\t<div class=\"page\" title=\"Page 3\">\n<div class=\"section\">\n<div class=\"layoutArea\">\n<div class=\"column\">\n<p>Die wichtigsten Ereignisse, die das Unternehmen als Protagonisten sehen, sowie das Engagement und die Ziele, die Vecchi Zironi erreicht.<\/p>\n<\/div>\n<\/div>\n<\/div>\n<\/div>\n\t\t\t\t\t\t<\/div>\n\t\t\t\t<\/div>\n\t\t\t\t<\/div>\n\t\t\t\t\t<\/div>\n\t\t\t\t<\/div>\n\t\t<div class=\"elementor-element elementor-element-15b2a65 e-con-boxed e-con\" data-id=\"15b2a65\" data-element_type=\"container\" data-settings=\"{&quot;content_width&quot;:&quot;boxed&quot;}\">\n\t\t\t\t\t<div class=\"e-con-inner\">\n\t\t<div class=\"elementor-element elementor-element-d302a24 e-con-full e-con\" data-id=\"d302a24\" data-element_type=\"container\" data-settings=\"{&quot;content_width&quot;:&quot;full&quot;}\">\n\t\t\t\t<div class=\"elementor-element elementor-element-1f017fb elementor-widget elementor-widget-image\" data-id=\"1f017fb\" data-element_type=\"widget\" data-widget_type=\"image.default\">\n\t\t\t\t<div class=\"elementor-widget-container\">\n\t\t\t<style>\/*! elementor - v3.12.1 - 02-04-2023 *\/\n.elementor-widget-image{text-align:center}.elementor-widget-image a{display:inline-block}.elementor-widget-image a img[src$=\".svg\"]{width:48px}.elementor-widget-image img{vertical-align:middle;display:inline-block}<\/style>\t\t\t\t\t\t\t\t\t\t\t\t<img decoding=\"async\" width=\"768\" height=\"576\" src=\"https:\/\/vecchizironi.it\/assets\/uploads\/2023\/06\/Alluvione_EmiliaRomagna-768x576.jpg\" class=\"attachment-medium_large size-medium_large wp-image-1646\" alt=\"\" srcset=\"https:\/\/vecchizironi.it\/assets\/uploads\/2023\/06\/Alluvione_EmiliaRomagna-768x576.jpg 768w, https:\/\/vecchizironi.it\/assets\/uploads\/2023\/06\/Alluvione_EmiliaRomagna-300x225.jpg 300w, https:\/\/vecchizironi.it\/assets\/uploads\/2023\/06\/Alluvione_EmiliaRomagna-1024x768.jpg 1024w, https:\/\/vecchizironi.it\/assets\/uploads\/2023\/06\/Alluvione_EmiliaRomagna-1536x1152.jpg 1536w, https:\/\/vecchizironi.it\/assets\/uploads\/2023\/06\/Alluvione_EmiliaRomagna.jpg 1854w\" sizes=\"(max-width: 768px) 100vw, 768px\" \/>\t\t\t\t\t\t\t\t\t\t\t\t\t\t\t<\/div>\n\t\t\t\t<\/div>\n\t\t\t\t<\/div>\n\t\t<div class=\"elementor-element elementor-element-963e24b e-con-full e-con\" data-id=\"963e24b\" data-element_type=\"container\" data-settings=\"{&quot;content_width&quot;:&quot;full&quot;}\">\n\t\t\t\t<div class=\"elementor-element elementor-element-6db3b7d elementor-widget elementor-widget-heading\" data-id=\"6db3b7d\" data-element_type=\"widget\" data-widget_type=\"heading.default\">\n\t\t\t\t<div class=\"elementor-widget-container\">\n\t\t\t<style>\/*! elementor - v3.12.1 - 02-04-2023 *\/\n.elementor-heading-title{padding:0;margin:0;line-height:1}.elementor-widget-heading .elementor-heading-title[class*=elementor-size-]>a{color:inherit;font-size:inherit;line-height:inherit}.elementor-widget-heading .elementor-heading-title.elementor-size-small{font-size:15px}.elementor-widget-heading .elementor-heading-title.elementor-size-medium{font-size:19px}.elementor-widget-heading .elementor-heading-title.elementor-size-large{font-size:29px}.elementor-widget-heading .elementor-heading-title.elementor-size-xl{font-size:39px}.elementor-widget-heading .elementor-heading-title.elementor-size-xxl{font-size:59px}<\/style><h3 class=\"elementor-heading-title elementor-size-default\">Hochwassernotstand in der Emilia Romagna<\/h3>\t\t<\/div>\n\t\t\t\t<\/div>\n\t\t\t\t<div class=\"elementor-element elementor-element-7ea5f3e elementor-widget elementor-widget-text-editor\" data-id=\"7ea5f3e\" data-element_type=\"widget\" data-widget_type=\"text-editor.default\">\n\t\t\t\t<div class=\"elementor-widget-container\">\n\t\t\t\t\t\t\t<p>Wir haben uns aktiv an der Beseitigung der Tr\u00fcmmer beteiligt, die durch die au\u00dfergew\u00f6hnliche Unwetterwelle in der Emilia Romagna am 16. und 17. Mai 2023 verursacht wurden.<\/p>\t\t\t\t\t\t<\/div>\n\t\t\t\t<\/div>\n\t\t\t\t<\/div>\n\t\t\t\t\t<\/div>\n\t\t\t\t<\/div>\n\t\t<div class=\"elementor-element elementor-element-83139de e-con-boxed e-con\" data-id=\"83139de\" data-element_type=\"container\" data-settings=\"{&quot;content_width&quot;:&quot;boxed&quot;}\">\n\t\t\t\t\t<div class=\"e-con-inner\">\n\t\t<div class=\"elementor-element elementor-element-8b7aff8 e-con-full e-con\" data-id=\"8b7aff8\" data-element_type=\"container\" data-settings=\"{&quot;content_width&quot;:&quot;full&quot;}\">\n\t\t\t\t<div class=\"elementor-element elementor-element-fd1b8cc elementor-widget elementor-widget-heading\" data-id=\"fd1b8cc\" data-element_type=\"widget\" data-widget_type=\"heading.default\">\n\t\t\t\t<div class=\"elementor-widget-container\">\n\t\t\t<h3 class=\"elementor-heading-title elementor-size-default\">Entsorgung der Costa Concordia<\/h3>\t\t<\/div>\n\t\t\t\t<\/div>\n\t\t\t\t<div class=\"elementor-element elementor-element-f6db03f elementor-widget elementor-widget-text-editor\" data-id=\"f6db03f\" data-element_type=\"widget\" data-widget_type=\"text-editor.default\">\n\t\t\t\t<div class=\"elementor-widget-container\">\n\t\t\t\t\t\t\t<p>In zirka drei Jahren hat Vecchi Zironi die Entsorgung der Costa Concordia durchgef\u00fchrt, indem es 100 Tonnen M\u00fcll aller Art in etwa drei Tausend Fahrten transportiert hat.<br \/>Die Arbeiten sind im Juli 2014 begonnen und waren in drei Phasen unterteilt. W\u00e4hrend der ersten Phase, die bis M\u00e4rz 2015 gedauert hat, wurde der Schiffsrumpf entlastet. In dieser Phase begann auch die Verwertung und Entsorgung der Vorh\u00e4nge, des Holzes und der Teppiche aus den Kabinen, gefolgt von den Arbeiten zum Einlaufen des Wracks ins Becken und schlie\u00dflich der eigentlichen Demontagephase des Schiffrumpfes.<\/p>\n\t\t\t\t\t\t<\/div>\n\t\t\t\t<\/div>\n\t\t\t\t<\/div>\n\t\t<div class=\"elementor-element elementor-element-62ca643 e-con-full e-con\" data-id=\"62ca643\" data-element_type=\"container\" data-settings=\"{&quot;content_width&quot;:&quot;full&quot;}\">\n\t\t\t\t<div class=\"elementor-element elementor-element-ddead69 elementor-widget elementor-widget-image\" data-id=\"ddead69\" data-element_type=\"widget\" data-widget_type=\"image.default\">\n\t\t\t\t<div class=\"elementor-widget-container\">\n\t\t\t\t\t\t\t\t\t\t\t\t\t\t\t<img decoding=\"async\" width=\"768\" height=\"512\" src=\"https:\/\/vecchizironi.it\/assets\/uploads\/2023\/01\/01_VecchiZironi_focuson-768x512.jpg\" class=\"attachment-medium_large size-medium_large wp-image-552\" alt=\"\" srcset=\"https:\/\/vecchizironi.it\/assets\/uploads\/2023\/01\/01_VecchiZironi_focuson-768x512.jpg 768w, https:\/\/vecchizironi.it\/assets\/uploads\/2023\/01\/01_VecchiZironi_focuson-300x200.jpg 300w, https:\/\/vecchizironi.it\/assets\/uploads\/2023\/01\/01_VecchiZironi_focuson-1024x683.jpg 1024w, https:\/\/vecchizironi.it\/assets\/uploads\/2023\/01\/01_VecchiZironi_focuson-1536x1024.jpg 1536w, https:\/\/vecchizironi.it\/assets\/uploads\/2023\/01\/01_VecchiZironi_focuson.jpg 1920w\" sizes=\"(max-width: 768px) 100vw, 768px\" \/>\t\t\t\t\t\t\t\t\t\t\t\t\t\t\t<\/div>\n\t\t\t\t<\/div>\n\t\t\t\t<\/div>\n\t\t\t\t\t<\/div>\n\t\t\t\t<\/div>\n\t\t<div class=\"elementor-element elementor-element-6bc1081 e-con-boxed e-con\" data-id=\"6bc1081\" data-element_type=\"container\" data-settings=\"{&quot;content_width&quot;:&quot;boxed&quot;}\">\n\t\t\t\t\t<div class=\"e-con-inner\">\n\t\t<div class=\"elementor-element elementor-element-ef95adb e-con-full e-con\" data-id=\"ef95adb\" data-element_type=\"container\" data-settings=\"{&quot;content_width&quot;:&quot;full&quot;}\">\n\t\t\t\t<div class=\"elementor-element elementor-element-8223aa0 elementor-widget elementor-widget-image\" data-id=\"8223aa0\" data-element_type=\"widget\" data-widget_type=\"image.default\">\n\t\t\t\t<div class=\"elementor-widget-container\">\n\t\t\t\t\t\t\t\t\t\t\t\t\t\t\t<img decoding=\"async\" width=\"768\" height=\"576\" src=\"https:\/\/vecchizironi.it\/assets\/uploads\/2023\/01\/02_VecchiZironi_chisiamo-768x576.jpeg\" class=\"attachment-medium_large size-medium_large wp-image-970\" alt=\"\" srcset=\"https:\/\/vecchizironi.it\/assets\/uploads\/2023\/01\/02_VecchiZironi_chisiamo-768x576.jpeg 768w, https:\/\/vecchizironi.it\/assets\/uploads\/2023\/01\/02_VecchiZironi_chisiamo-300x225.jpeg 300w, https:\/\/vecchizironi.it\/assets\/uploads\/2023\/01\/02_VecchiZironi_chisiamo-1024x768.jpeg 1024w, https:\/\/vecchizironi.it\/assets\/uploads\/2023\/01\/02_VecchiZironi_chisiamo-1536x1152.jpeg 1536w, https:\/\/vecchizironi.it\/assets\/uploads\/2023\/01\/02_VecchiZironi_chisiamo.jpeg 1600w\" sizes=\"(max-width: 768px) 100vw, 768px\" \/>\t\t\t\t\t\t\t\t\t\t\t\t\t\t\t<\/div>\n\t\t\t\t<\/div>\n\t\t\t\t<\/div>\n\t\t<div class=\"elementor-element elementor-element-4b82804 e-con-full e-con\" data-id=\"4b82804\" data-element_type=\"container\" data-settings=\"{&quot;content_width&quot;:&quot;full&quot;}\">\n\t\t\t\t<div class=\"elementor-element elementor-element-896c028 elementor-widget elementor-widget-heading\" data-id=\"896c028\" data-element_type=\"widget\" data-widget_type=\"heading.default\">\n\t\t\t\t<div class=\"elementor-widget-container\">\n\t\t\t<h3 class=\"elementor-heading-title elementor-size-default\">Partnerschaft Vecchi Zironi \u2013 Germani<\/h3>\t\t<\/div>\n\t\t\t\t<\/div>\n\t\t\t\t<div class=\"elementor-element elementor-element-bdae78f elementor-widget elementor-widget-text-editor\" data-id=\"bdae78f\" data-element_type=\"widget\" data-widget_type=\"text-editor.default\">\n\t\t\t\t<div class=\"elementor-widget-container\">\n\t\t\t\t\t\t\t<p>Ende 2020 unterzeichneten die Familien Vecchi und Zironi und Germani Trasporti, ein in Brescia ans\u00e4ssiges Unternehmen, das auf dem nationalen und internationalen Markt f\u00fcr den Stra\u00dfentransport von Chemikalien, Industrieabf\u00e4llen und kryogenen Gasen f\u00fchrend ist, eine langfristige strategische Partnerschaft.<\/p><p>Ziel der Partnerschaft ist es, die Umsetzung des \u201eGr\u00fcnen Projekts\u201c von Vecchi Zironi zu beschleunigen, indem die \u00f6kologische Nachhaltigkeit in den Mittelpunkt aller Aktivit\u00e4ten gestellt wird, wobei das Fachwissen von Germani Trasporti, das in der Branche hohes Ansehen genie\u00dft, genutzt wird.<\/p>\t\t\t\t\t\t<\/div>\n\t\t\t\t<\/div>\n\t\t\t\t<\/div>\n\t\t\t\t\t<\/div>\n\t\t\t\t<\/div>\n\t\t<div class=\"elementor-element elementor-element-d9462c5 e-con-boxed e-con\" data-id=\"d9462c5\" data-element_type=\"container\" data-settings=\"{&quot;content_width&quot;:&quot;boxed&quot;}\">\n\t\t\t\t\t<div class=\"e-con-inner\">\n\t\t<div class=\"elementor-element elementor-element-4daca3a e-con-full e-con\" data-id=\"4daca3a\" data-element_type=\"container\" data-settings=\"{&quot;content_width&quot;:&quot;full&quot;}\">\n\t\t\t\t<div class=\"elementor-element elementor-element-1344cbb elementor-widget elementor-widget-heading\" data-id=\"1344cbb\" data-element_type=\"widget\" data-widget_type=\"heading.default\">\n\t\t\t\t<div class=\"elementor-widget-container\">\n\t\t\t<h3 class=\"elementor-heading-title elementor-size-default\">Achtelfinale Italienischer Pokal 2022<\/h3>\t\t<\/div>\n\t\t\t\t<\/div>\n\t\t\t\t<div class=\"elementor-element elementor-element-8d4aac3 elementor-widget elementor-widget-text-editor\" data-id=\"8d4aac3\" data-element_type=\"widget\" data-widget_type=\"text-editor.default\">\n\t\t\t\t<div class=\"elementor-widget-container\">\n\t\t\t\t\t\t\t<p>Dank unserer Partnerschaft mit Germani Trasporti sind wir auch im sportlichen und sozialen Bereich pr\u00e4sent.<\/p>\t\t\t\t\t\t<\/div>\n\t\t\t\t<\/div>\n\t\t\t\t<\/div>\n\t\t<div class=\"elementor-element elementor-element-222493c e-con-full e-con\" data-id=\"222493c\" data-element_type=\"container\" data-settings=\"{&quot;content_width&quot;:&quot;full&quot;}\">\n\t\t\t\t<div class=\"elementor-element elementor-element-4bf97dc elementor-widget elementor-widget-image\" data-id=\"4bf97dc\" data-element_type=\"widget\" data-widget_type=\"image.default\">\n\t\t\t\t<div class=\"elementor-widget-container\">\n\t\t\t\t\t\t\t\t\t\t\t\t\t\t\t<img decoding=\"async\" width=\"768\" height=\"504\" src=\"https:\/\/vecchizironi.it\/assets\/uploads\/2023\/01\/02_VecchiZironi_focuson-768x504.jpg\" class=\"attachment-medium_large size-medium_large wp-image-555\" alt=\"\" srcset=\"https:\/\/vecchizironi.it\/assets\/uploads\/2023\/01\/02_VecchiZironi_focuson-768x504.jpg 768w, https:\/\/vecchizironi.it\/assets\/uploads\/2023\/01\/02_VecchiZironi_focuson-300x197.jpg 300w, https:\/\/vecchizironi.it\/assets\/uploads\/2023\/01\/02_VecchiZironi_focuson-1024x671.jpg 1024w, https:\/\/vecchizironi.it\/assets\/uploads\/2023\/01\/02_VecchiZironi_focuson-1536x1007.jpg 1536w, https:\/\/vecchizironi.it\/assets\/uploads\/2023\/01\/02_VecchiZironi_focuson.jpg 1920w\" sizes=\"(max-width: 768px) 100vw, 768px\" \/>\t\t\t\t\t\t\t\t\t\t\t\t\t\t\t<\/div>\n\t\t\t\t<\/div>\n\t\t\t\t<\/div>\n\t\t\t\t\t<\/div>\n\t\t\t\t<\/div>\n\t\t<div class=\"elementor-element elementor-element-99af04d e-con-boxed e-con\" data-id=\"99af04d\" data-element_type=\"container\" data-settings=\"{&quot;content_width&quot;:&quot;boxed&quot;}\">\n\t\t\t\t\t<div class=\"e-con-inner\">\n\t\t<div class=\"elementor-element elementor-element-f76b6be e-con-full e-con\" data-id=\"f76b6be\" data-element_type=\"container\" data-settings=\"{&quot;content_width&quot;:&quot;full&quot;}\">\n\t\t\t\t<div class=\"elementor-element elementor-element-fd46af2 elementor-widget elementor-widget-image\" data-id=\"fd46af2\" data-element_type=\"widget\" data-widget_type=\"image.default\">\n\t\t\t\t<div class=\"elementor-widget-container\">\n\t\t\t\t\t\t\t\t\t\t\t\t\t\t\t<img decoding=\"async\" width=\"768\" height=\"512\" src=\"https:\/\/vecchizironi.it\/assets\/uploads\/2023\/03\/52701642477_ba6131c4ec_h-768x512.jpg\" class=\"attachment-medium_large size-medium_large wp-image-1508\" alt=\"\" srcset=\"https:\/\/vecchizironi.it\/assets\/uploads\/2023\/03\/52701642477_ba6131c4ec_h-768x512.jpg 768w, https:\/\/vecchizironi.it\/assets\/uploads\/2023\/03\/52701642477_ba6131c4ec_h-300x200.jpg 300w, https:\/\/vecchizironi.it\/assets\/uploads\/2023\/03\/52701642477_ba6131c4ec_h-1024x683.jpg 1024w, https:\/\/vecchizironi.it\/assets\/uploads\/2023\/03\/52701642477_ba6131c4ec_h-1536x1024.jpg 1536w, https:\/\/vecchizironi.it\/assets\/uploads\/2023\/03\/52701642477_ba6131c4ec_h.jpg 1600w\" sizes=\"(max-width: 768px) 100vw, 768px\" \/>\t\t\t\t\t\t\t\t\t\t\t\t\t\t\t<\/div>\n\t\t\t\t<\/div>\n\t\t\t\t<\/div>\n\t\t<div class=\"elementor-element elementor-element-6cfb00c e-con-full e-con\" data-id=\"6cfb00c\" data-element_type=\"container\" data-settings=\"{&quot;content_width&quot;:&quot;full&quot;}\">\n\t\t\t\t<div class=\"elementor-element elementor-element-d1c2ba8 elementor-widget elementor-widget-heading\" data-id=\"d1c2ba8\" data-element_type=\"widget\" data-widget_type=\"heading.default\">\n\t\t\t\t<div class=\"elementor-widget-container\">\n\t\t\t<h3 class=\"elementor-heading-title elementor-size-default\">Achtelfinale Italienischer Pokal 2023<\/h3>\t\t<\/div>\n\t\t\t\t<\/div>\n\t\t\t\t<div class=\"elementor-element elementor-element-9a2b164 elementor-widget elementor-widget-text-editor\" data-id=\"9a2b164\" data-element_type=\"widget\" data-widget_type=\"text-editor.default\">\n\t\t\t\t<div class=\"elementor-widget-container\">\n\t\t\t\t\t\t\t<p>Auch im Jahr 2023 erscheint Vecchi Zironi auf den Trikots der Mannschaft von Leonessa Brescia, dem Sieger des Final Eight Cup des italienischen Basketballs.<\/p>\t\t\t\t\t\t<\/div>\n\t\t\t\t<\/div>\n\t\t\t\t<\/div>\n\t\t\t\t\t<\/div>\n\t\t\t\t<\/div>\n\t\t\t\t\t\t\t<\/div>\n\t\t","protected":false},"excerpt":{"rendered":"<p>Die wichtigsten Ereignisse, die das Unternehmen als Protagonisten sehen, sowie das Engagement und die Ziele, die Vecchi Zironi erreicht. Hochwassernotstand in der Emilia Romagna Wir haben uns aktiv an der Beseitigung der Tr\u00fcmmer beteiligt, die durch die au\u00dfergew\u00f6hnliche Unwetterwelle in der Emilia Romagna am 16. und 17. Mai 2023 verursacht wurden. Entsorgung der Costa Concordia [&hellip;]<\/p>\n","protected":false},"author":1,"featured_media":823,"parent":0,"menu_order":0,"comment_status":"closed","ping_status":"closed","template":"","meta":{"footnotes":""},"class_list":["post-1359","page","type-page","status-publish","has-post-thumbnail","hentry"],"yoast_head":"<!-- This site is optimized with the Yoast SEO plugin v20.1 - https:\/\/yoast.com\/wordpress\/plugins\/seo\/ -->\n<title>Focus on - Vecchi Zironi<\/title>\n<meta name=\"robots\" content=\"index, follow, max-snippet:-1, max-image-preview:large, max-video-preview:-1\" \/>\n<link rel=\"canonical\" href=\"https:\/\/vecchizironi.it\/de\/focus-on\/\" \/>\n<meta property=\"og:locale\" content=\"de_DE\" \/>\n<meta property=\"og:type\" content=\"article\" \/>\n<meta property=\"og:title\" content=\"Focus on - Vecchi Zironi\" \/>\n<meta property=\"og:description\" content=\"Die wichtigsten Ereignisse, die das Unternehmen als Protagonisten sehen, sowie das Engagement und die Ziele, die Vecchi Zironi erreicht. Hochwassernotstand in der Emilia Romagna Wir haben uns aktiv an der Beseitigung der Tr\u00fcmmer beteiligt, die durch die au\u00dfergew\u00f6hnliche Unwetterwelle in der Emilia Romagna am 16. und 17. Mai 2023 verursacht wurden. Entsorgung der Costa Concordia [&hellip;]\" \/>\n<meta property=\"og:url\" content=\"https:\/\/vecchizironi.it\/de\/focus-on\/\" \/>\n<meta property=\"og:site_name\" content=\"Vecchi Zironi\" \/>\n<meta property=\"article:modified_time\" content=\"2023-06-27T12:32:49+00:00\" \/>\n<meta property=\"og:image\" content=\"http:\/\/vecchizironi.it\/assets\/uploads\/2023\/01\/VecchiZironi_focuson.jpg\" \/>\n\t<meta property=\"og:image:width\" content=\"1920\" \/>\n\t<meta property=\"og:image:height\" content=\"1280\" \/>\n\t<meta property=\"og:image:type\" content=\"image\/jpeg\" \/>\n<meta name=\"twitter:card\" content=\"summary_large_image\" \/>\n<meta name=\"twitter:label1\" content=\"Gesch\u00e4tzte Lesezeit\" \/>\n\t<meta name=\"twitter:data1\" content=\"3\u00a0Minuten\" \/>\n<script type=\"application\/ld+json\" class=\"yoast-schema-graph\">{\"@context\":\"https:\/\/schema.org\",\"@graph\":[{\"@type\":\"WebPage\",\"@id\":\"https:\/\/vecchizironi.it\/de\/focus-on\/\",\"url\":\"https:\/\/vecchizironi.it\/de\/focus-on\/\",\"name\":\"Focus on - Vecchi Zironi\",\"isPartOf\":{\"@id\":\"https:\/\/vecchizironi.it\/#website\"},\"datePublished\":\"2023-01-10T10:06:53+00:00\",\"dateModified\":\"2023-06-27T12:32:49+00:00\",\"breadcrumb\":{\"@id\":\"https:\/\/vecchizironi.it\/de\/focus-on\/#breadcrumb\"},\"inLanguage\":\"de\",\"potentialAction\":[{\"@type\":\"ReadAction\",\"target\":[\"https:\/\/vecchizironi.it\/de\/focus-on\/\"]}]},{\"@type\":\"BreadcrumbList\",\"@id\":\"https:\/\/vecchizironi.it\/de\/focus-on\/#breadcrumb\",\"itemListElement\":[{\"@type\":\"ListItem\",\"position\":1,\"name\":\"Home\",\"item\":\"https:\/\/vecchizironi.it\/de\/\"},{\"@type\":\"ListItem\",\"position\":2,\"name\":\"Focus on\"}]},{\"@type\":\"WebSite\",\"@id\":\"https:\/\/vecchizironi.it\/#website\",\"url\":\"https:\/\/vecchizironi.it\/\",\"name\":\"Vecchi Zironi\",\"description\":\"\",\"publisher\":{\"@id\":\"https:\/\/vecchizironi.it\/#organization\"},\"potentialAction\":[{\"@type\":\"SearchAction\",\"target\":{\"@type\":\"EntryPoint\",\"urlTemplate\":\"https:\/\/vecchizironi.it\/?s={search_term_string}\"},\"query-input\":\"required name=search_term_string\"}],\"inLanguage\":\"de\"},{\"@type\":\"Organization\",\"@id\":\"https:\/\/vecchizironi.it\/#organization\",\"name\":\"Vecchi Zironi\",\"url\":\"https:\/\/vecchizironi.it\/\",\"logo\":{\"@type\":\"ImageObject\",\"inLanguage\":\"de\",\"@id\":\"https:\/\/vecchizironi.it\/#\/schema\/logo\/image\/\",\"url\":\"https:\/\/vecchizironi.it\/assets\/uploads\/2022\/12\/logo-vecchi-zironi.png\",\"contentUrl\":\"https:\/\/vecchizironi.it\/assets\/uploads\/2022\/12\/logo-vecchi-zironi.png\",\"width\":776,\"height\":277,\"caption\":\"Vecchi Zironi\"},\"image\":{\"@id\":\"https:\/\/vecchizironi.it\/#\/schema\/logo\/image\/\"}}]}<\/script>\n<!-- \/ Yoast SEO plugin. -->","yoast_head_json":{"title":"Focus on - Vecchi Zironi","robots":{"index":"index","follow":"follow","max-snippet":"max-snippet:-1","max-image-preview":"max-image-preview:large","max-video-preview":"max-video-preview:-1"},"canonical":"https:\/\/vecchizironi.it\/de\/focus-on\/","og_locale":"de_DE","og_type":"article","og_title":"Focus on - Vecchi Zironi","og_description":"Die wichtigsten Ereignisse, die das Unternehmen als Protagonisten sehen, sowie das Engagement und die Ziele, die Vecchi Zironi erreicht. Hochwassernotstand in der Emilia Romagna Wir haben uns aktiv an der Beseitigung der Tr\u00fcmmer beteiligt, die durch die au\u00dfergew\u00f6hnliche Unwetterwelle in der Emilia Romagna am 16. und 17. Mai 2023 verursacht wurden. Entsorgung der Costa Concordia [&hellip;]","og_url":"https:\/\/vecchizironi.it\/de\/focus-on\/","og_site_name":"Vecchi Zironi","article_modified_time":"2023-06-27T12:32:49+00:00","og_image":[{"width":1920,"height":1280,"url":"http:\/\/vecchizironi.it\/assets\/uploads\/2023\/01\/VecchiZironi_focuson.jpg","type":"image\/jpeg"}],"twitter_card":"summary_large_image","twitter_misc":{"Gesch\u00e4tzte Lesezeit":"3\u00a0Minuten"},"schema":{"@context":"https:\/\/schema.org","@graph":[{"@type":"WebPage","@id":"https:\/\/vecchizironi.it\/de\/focus-on\/","url":"https:\/\/vecchizironi.it\/de\/focus-on\/","name":"Focus on - Vecchi Zironi","isPartOf":{"@id":"https:\/\/vecchizironi.it\/#website"},"datePublished":"2023-01-10T10:06:53+00:00","dateModified":"2023-06-27T12:32:49+00:00","breadcrumb":{"@id":"https:\/\/vecchizironi.it\/de\/focus-on\/#breadcrumb"},"inLanguage":"de","potentialAction":[{"@type":"ReadAction","target":["https:\/\/vecchizironi.it\/de\/focus-on\/"]}]},{"@type":"BreadcrumbList","@id":"https:\/\/vecchizironi.it\/de\/focus-on\/#breadcrumb","itemListElement":[{"@type":"ListItem","position":1,"name":"Home","item":"https:\/\/vecchizironi.it\/de\/"},{"@type":"ListItem","position":2,"name":"Focus on"}]},{"@type":"WebSite","@id":"https:\/\/vecchizironi.it\/#website","url":"https:\/\/vecchizironi.it\/","name":"Vecchi Zironi","description":"","publisher":{"@id":"https:\/\/vecchizironi.it\/#organization"},"potentialAction":[{"@type":"SearchAction","target":{"@type":"EntryPoint","urlTemplate":"https:\/\/vecchizironi.it\/?s={search_term_string}"},"query-input":"required name=search_term_string"}],"inLanguage":"de"},{"@type":"Organization","@id":"https:\/\/vecchizironi.it\/#organization","name":"Vecchi Zironi","url":"https:\/\/vecchizironi.it\/","logo":{"@type":"ImageObject","inLanguage":"de","@id":"https:\/\/vecchizironi.it\/#\/schema\/logo\/image\/","url":"https:\/\/vecchizironi.it\/assets\/uploads\/2022\/12\/logo-vecchi-zironi.png","contentUrl":"https:\/\/vecchizironi.it\/assets\/uploads\/2022\/12\/logo-vecchi-zironi.png","width":776,"height":277,"caption":"Vecchi Zironi"},"image":{"@id":"https:\/\/vecchizironi.it\/#\/schema\/logo\/image\/"}}]}},"_links":{"self":[{"href":"https:\/\/vecchizironi.it\/de\/wp-json\/wp\/v2\/pages\/1359","targetHints":{"allow":["GET"]}}],"collection":[{"href":"https:\/\/vecchizironi.it\/de\/wp-json\/wp\/v2\/pages"}],"about":[{"href":"https:\/\/vecchizironi.it\/de\/wp-json\/wp\/v2\/types\/page"}],"author":[{"embeddable":true,"href":"https:\/\/vecchizironi.it\/de\/wp-json\/wp\/v2\/users\/1"}],"replies":[{"embeddable":true,"href":"https:\/\/vecchizironi.it\/de\/wp-json\/wp\/v2\/comments?post=1359"}],"version-history":[{"count":0,"href":"https:\/\/vecchizironi.it\/de\/wp-json\/wp\/v2\/pages\/1359\/revisions"}],"wp:featuredmedia":[{"embeddable":true,"href":"https:\/\/vecchizironi.it\/de\/wp-json\/wp\/v2\/media\/823"}],"wp:attachment":[{"href":"https:\/\/vecchizironi.it\/de\/wp-json\/wp\/v2\/media?parent=1359"}],"curies":[{"name":"wp","href":"https:\/\/api.w.org\/{rel}","templated":true}]}}